{"id":9003,"date":"2025-04-09T08:58:32","date_gmt":"2025-04-09T07:58:32","guid":{"rendered":"https:\/\/sprotin.kinsta.cloud\/?page_id=9003"},"modified":"2025-04-30T13:06:13","modified_gmt":"2025-04-30T12:06:13","slug":"bookclub","status":"publish","type":"page","link":"https:\/\/sprotin.kinsta.cloud\/en\/bookclub\/","title":{"rendered":"Bookclub"},"content":{"rendered":"\n<h3 class=\"wp-block-heading\">Vilt t\u00fa ver\u00f0a limur \u00ed okkara b\u00f3kaklubba?<\/h3>\n\n\n\n<ul class=\"wp-block-list\">\n<li>Sum limur \u00ed b\u00f3kaklubba Sprotans kanst t\u00fa keypa 5 klubbab\u00f8kur um \u00e1ri\u00f0.<\/li>\n\n\n\n<li>Sprotin \u00e1setur hv\u00f8rjar b\u00f8kur eru klubbab\u00f8kur og&nbsp;<strong>t\u00fa bindir teg til at keypa \u00ed minsta lagi 3 klubbab\u00f8kur um \u00e1ri\u00f0.&nbsp;<\/strong>Ni\u00f0anfyri s\u00e6st yvirlit hv\u00f8rjar b\u00f8kur eru komnar \u00fat \u00ed B\u00f3kaklubba Sprotans.<\/li>\n\n\n\n<li>T\u00fa f\u00e6rt klubbab\u00f3kina, \u00e1\u00f0renn hon er til keyps a\u00f0rasta\u00f0ni, og klubbab\u00f3kin er 20% b\u00edligari enn vanligt.<\/li>\n\n\n\n<li>Hv\u00f8rja fer\u00f0 t\u00fa f\u00e6rt eina klubbab\u00f3k, ver\u00f0ur t\u00fa kunna\u00f0\/ur um aktuellu og n\u00e6stu&nbsp;klubbab\u00f3kina \u00ed einum telduposti.<\/li>\n\n\n\n<li>T\u00e1 i\u00f0 t\u00fa teknar teg sum lim, f\u00e6rt t\u00fa seinastu klubbab\u00f3kina sendandi vi\u00f0 postinum beinanvegin.<\/li>\n<\/ul>\n\n\n\n<div style=\"height:32px\" aria-hidden=\"true\" class=\"wp-block-spacer\"><\/div>\n\n\n\n<div class=\"wp-block-buttons is-layout-flex wp-block-buttons-is-layout-flex\">\n<div class=\"wp-block-button\"><a class=\"wp-block-button__link wp-element-button\" href=\"\/bokaklubbin-limur\">Melda meg til B\u00f3kaklubba Sprotans<\/a><\/div>\n<\/div>\n\n\n\n<h3 class=\"wp-block-heading\"><\/h3>\n\n\n\n<p><em><br>GG: Ert t\u00fa&nbsp;<strong>ikki<\/strong>&nbsp;br\u00fakari \u00e1 sprotin.fo, f\u00e6rt t\u00fa fyrst bo\u00f0 um at stovna t\u00e6r ein br\u00fakara \u00e1 sprotin.fo, og s\u00ed\u00f0an kanst t\u00fa tekna teg \u00ed klubban.<\/em><\/p>\n\n\n\n<p>&#8212;<\/p>\n\n\n\n<p><strong>Umsiting<\/strong><br>B\u00f3kami\u00f0s\u00f8lan sendir \u00fat n\u00fdggjar b\u00f8kur, umsitur skr\u00e1setingarlistan o.a.<br>Er eitthv\u00f8rt umsitingarligt at spyrja um, ert t\u00fa v\u00e6lkomin at ringja 23 57 82 ella senda ein teldupost til&nbsp;<a href=\"mailto:elisabeth@bms.fo\">elisabeth@bms.fo<\/a>.<\/p>\n","protected":false},"excerpt":{"rendered":"<p>Vilt t\u00fa ver\u00f0a limur \u00ed okkara b\u00f3kaklubba? GG: Ert t\u00fa&nbsp;ikki&nbsp;br\u00fakari \u00e1 sprotin.fo, f\u00e6rt t\u00fa fyrst bo\u00f0 um at stovna t\u00e6r ein br\u00fakara \u00e1 sprotin.fo, og s\u00ed\u00f0an kanst t\u00fa tekna teg \u00ed klubban. &#8212; UmsitingB\u00f3kami\u00f0s\u00f8lan sendir \u00fat n\u00fdggjar b\u00f8kur, umsitur skr\u00e1setingarlistan o.a.Er eitthv\u00f8rt umsitingarligt at spyrja um, ert t\u00fa v\u00e6lkomin at ringja 23 57 82 ella [&hellip;]<\/p>\n","protected":false},"author":1,"featured_media":0,"parent":0,"menu_order":0,"comment_status":"closed","ping_status":"closed","template":"","meta":{"_acf_changed":false,"footnotes":""},"class_list":["post-9003","page","type-page","status-publish","hentry"],"acf":[],"yoast_head":"<!-- This site is optimized with the Yoast SEO plugin v27.5 - https:\/\/yoast.com\/product\/yoast-seo-wordpress\/ -->\n<title>Bookclub - Sprotin<\/title>\n<meta name=\"robots\" content=\"index, follow, max-snippet:-1, max-image-preview:large, max-video-preview:-1\" \/>\n<link rel=\"canonical\" href=\"https:\/\/sprotin.kinsta.cloud\/en\/bookclub\/\" \/>\n<meta property=\"og:locale\" content=\"en_US\" \/>\n<meta property=\"og:type\" content=\"article\" \/>\n<meta property=\"og:title\" content=\"Bookclub - Sprotin\" \/>\n<meta property=\"og:description\" content=\"Vilt t\u00fa ver\u00f0a limur \u00ed okkara b\u00f3kaklubba? GG: Ert t\u00fa&nbsp;ikki&nbsp;br\u00fakari \u00e1 sprotin.fo, f\u00e6rt t\u00fa fyrst bo\u00f0 um at stovna t\u00e6r ein br\u00fakara \u00e1 sprotin.fo, og s\u00ed\u00f0an kanst t\u00fa tekna teg \u00ed klubban. &#8212; UmsitingB\u00f3kami\u00f0s\u00f8lan sendir \u00fat n\u00fdggjar b\u00f8kur, umsitur skr\u00e1setingarlistan o.a.Er eitthv\u00f8rt umsitingarligt at spyrja um, ert t\u00fa v\u00e6lkomin at ringja 23 57 82 ella [&hellip;]\" \/>\n<meta property=\"og:url\" content=\"https:\/\/sprotin.kinsta.cloud\/en\/bookclub\/\" \/>\n<meta property=\"og:site_name\" content=\"Sprotin\" \/>\n<meta property=\"article:modified_time\" content=\"2025-04-30T12:06:13+00:00\" \/>\n<meta name=\"twitter:card\" content=\"summary_large_image\" \/>\n<meta name=\"twitter:label1\" content=\"Est. reading time\" \/>\n\t<meta name=\"twitter:data1\" content=\"1 minute\" \/>\n<script type=\"application\/ld+json\" class=\"yoast-schema-graph\">{\"@context\":\"https:\\\/\\\/schema.org\",\"@graph\":[{\"@type\":\"WebPage\",\"@id\":\"https:\\\/\\\/sprotin.kinsta.cloud\\\/en\\\/bookclub\\\/\",\"url\":\"https:\\\/\\\/sprotin.kinsta.cloud\\\/en\\\/bookclub\\\/\",\"name\":\"Bookclub - Sprotin\",\"isPartOf\":{\"@id\":\"https:\\\/\\\/sprotin.kinsta.cloud\\\/en\\\/#website\"},\"datePublished\":\"2025-04-09T07:58:32+00:00\",\"dateModified\":\"2025-04-30T12:06:13+00:00\",\"breadcrumb\":{\"@id\":\"https:\\\/\\\/sprotin.kinsta.cloud\\\/en\\\/bookclub\\\/#breadcrumb\"},\"inLanguage\":\"en-US\",\"potentialAction\":[{\"@type\":\"ReadAction\",\"target\":[\"https:\\\/\\\/sprotin.kinsta.cloud\\\/en\\\/bookclub\\\/\"]}]},{\"@type\":\"BreadcrumbList\",\"@id\":\"https:\\\/\\\/sprotin.kinsta.cloud\\\/en\\\/bookclub\\\/#breadcrumb\",\"itemListElement\":[{\"@type\":\"ListItem\",\"position\":1,\"name\":\"Home\",\"item\":\"https:\\\/\\\/sprotin.kinsta.cloud\\\/en\\\/frontpage\\\/\"},{\"@type\":\"ListItem\",\"position\":2,\"name\":\"Bookclub\"}]},{\"@type\":\"WebSite\",\"@id\":\"https:\\\/\\\/sprotin.kinsta.cloud\\\/en\\\/#website\",\"url\":\"https:\\\/\\\/sprotin.kinsta.cloud\\\/en\\\/\",\"name\":\"Sprotin\",\"description\":\"\",\"potentialAction\":[{\"@type\":\"SearchAction\",\"target\":{\"@type\":\"EntryPoint\",\"urlTemplate\":\"https:\\\/\\\/sprotin.kinsta.cloud\\\/en\\\/?s={search_term_string}\"},\"query-input\":{\"@type\":\"PropertyValueSpecification\",\"valueRequired\":true,\"valueName\":\"search_term_string\"}}],\"inLanguage\":\"en-US\"}]}<\/script>\n<!-- \/ Yoast SEO plugin. -->","yoast_head_json":{"title":"Bookclub - Sprotin","robots":{"index":"index","follow":"follow","max-snippet":"max-snippet:-1","max-image-preview":"max-image-preview:large","max-video-preview":"max-video-preview:-1"},"canonical":"https:\/\/sprotin.kinsta.cloud\/en\/bookclub\/","og_locale":"en_US","og_type":"article","og_title":"Bookclub - Sprotin","og_description":"Vilt t\u00fa ver\u00f0a limur \u00ed okkara b\u00f3kaklubba? GG: Ert t\u00fa&nbsp;ikki&nbsp;br\u00fakari \u00e1 sprotin.fo, f\u00e6rt t\u00fa fyrst bo\u00f0 um at stovna t\u00e6r ein br\u00fakara \u00e1 sprotin.fo, og s\u00ed\u00f0an kanst t\u00fa tekna teg \u00ed klubban. &#8212; UmsitingB\u00f3kami\u00f0s\u00f8lan sendir \u00fat n\u00fdggjar b\u00f8kur, umsitur skr\u00e1setingarlistan o.a.Er eitthv\u00f8rt umsitingarligt at spyrja um, ert t\u00fa v\u00e6lkomin at ringja 23 57 82 ella [&hellip;]","og_url":"https:\/\/sprotin.kinsta.cloud\/en\/bookclub\/","og_site_name":"Sprotin","article_modified_time":"2025-04-30T12:06:13+00:00","twitter_card":"summary_large_image","twitter_misc":{"Est. reading time":"1 minute"},"schema":{"@context":"https:\/\/schema.org","@graph":[{"@type":"WebPage","@id":"https:\/\/sprotin.kinsta.cloud\/en\/bookclub\/","url":"https:\/\/sprotin.kinsta.cloud\/en\/bookclub\/","name":"Bookclub - Sprotin","isPartOf":{"@id":"https:\/\/sprotin.kinsta.cloud\/en\/#website"},"datePublished":"2025-04-09T07:58:32+00:00","dateModified":"2025-04-30T12:06:13+00:00","breadcrumb":{"@id":"https:\/\/sprotin.kinsta.cloud\/en\/bookclub\/#breadcrumb"},"inLanguage":"en-US","potentialAction":[{"@type":"ReadAction","target":["https:\/\/sprotin.kinsta.cloud\/en\/bookclub\/"]}]},{"@type":"BreadcrumbList","@id":"https:\/\/sprotin.kinsta.cloud\/en\/bookclub\/#breadcrumb","itemListElement":[{"@type":"ListItem","position":1,"name":"Home","item":"https:\/\/sprotin.kinsta.cloud\/en\/frontpage\/"},{"@type":"ListItem","position":2,"name":"Bookclub"}]},{"@type":"WebSite","@id":"https:\/\/sprotin.kinsta.cloud\/en\/#website","url":"https:\/\/sprotin.kinsta.cloud\/en\/","name":"Sprotin","description":"","potentialAction":[{"@type":"SearchAction","target":{"@type":"EntryPoint","urlTemplate":"https:\/\/sprotin.kinsta.cloud\/en\/?s={search_term_string}"},"query-input":{"@type":"PropertyValueSpecification","valueRequired":true,"valueName":"search_term_string"}}],"inLanguage":"en-US"}]}},"_links":{"self":[{"href":"https:\/\/sprotin.kinsta.cloud\/en\/wp-json\/wp\/v2\/pages\/9003","targetHints":{"allow":["GET"]}}],"collection":[{"href":"https:\/\/sprotin.kinsta.cloud\/en\/wp-json\/wp\/v2\/pages"}],"about":[{"href":"https:\/\/sprotin.kinsta.cloud\/en\/wp-json\/wp\/v2\/types\/page"}],"author":[{"embeddable":true,"href":"https:\/\/sprotin.kinsta.cloud\/en\/wp-json\/wp\/v2\/users\/1"}],"replies":[{"embeddable":true,"href":"https:\/\/sprotin.kinsta.cloud\/en\/wp-json\/wp\/v2\/comments?post=9003"}],"version-history":[{"count":1,"href":"https:\/\/sprotin.kinsta.cloud\/en\/wp-json\/wp\/v2\/pages\/9003\/revisions"}],"predecessor-version":[{"id":9004,"href":"https:\/\/sprotin.kinsta.cloud\/en\/wp-json\/wp\/v2\/pages\/9003\/revisions\/9004"}],"wp:attachment":[{"href":"https:\/\/sprotin.kinsta.cloud\/en\/wp-json\/wp\/v2\/media?parent=9003"}],"curies":[{"name":"wp","href":"https:\/\/api.w.org\/{rel}","templated":true}]}}